{"id":715,"date":"2021-08-02T10:31:19","date_gmt":"2021-08-02T08:31:19","guid":{"rendered":"https:\/\/www.tem-italy.it\/?page_id=715"},"modified":"2026-04-27T12:26:46","modified_gmt":"2026-04-27T10:26:46","slug":"stl-link","status":"publish","type":"page","link":"https:\/\/www.tem-italy.it\/it\/stl-link\/","title":{"rendered":"STL Link"},"content":{"rendered":"<div class=\"vce-row-container\"><div class=\"vce-row vce-element--xl--has-background vce-element--lg--has-background vce-element--md--has-background vce-element--sm--has-background vce-element--xs--has-background vce-row--col-gap-0 vce-row-equal-height vce-row-content--middle\" data-vce-full-width=\"true\" data-vce-stretch-content=\"true\" id=\"el-90f5729f\" data-vce-do-apply=\"all el-90f5729f\"><div class=\"vce-content-background-container\"><div class=\"vce-asset-background-simple-container vce-visible-xl-only vce-asset-background-simple--style-cover vce-asset-background-simple--position-center-center\"><div class=\"vce-asset-background-simple\">\n              <div class=\"vce-asset-background-simple-item vcv-lozad\" data-background-image=\"https:\/\/www.tem-italy.it\/wp-content\/uploads\/2021\/10\/MEAS1-scaled.jpg\"><\/div>\n              <noscript>\n                <div class=\"vce-asset-background-simple-item\" style=\"background-image: url(https:\/\/www.tem-italy.it\/wp-content\/uploads\/2021\/10\/MEAS1-scaled.jpg)\"><\/div>\n              <\/noscript>\n            <\/div><\/div><div class=\"vce-asset-color-gradient-container vce-visible-xl-only\" data-vce-do-apply=\"gradient el-90f5729f\"><\/div><div class=\"vce-asset-background-simple-container vce-visible-lg-only vce-asset-background-simple--style-cover vce-asset-background-simple--position-center-top\"><div class=\"vce-asset-background-simple\">\n              <div class=\"vce-asset-background-simple-item vcv-lozad\" data-background-image=\"https:\/\/www.tem-italy.it\/wp-content\/uploads\/2021\/02\/bkg-home-contact.jpg\"><\/div>\n              <noscript>\n                <div class=\"vce-asset-background-simple-item\" style=\"background-image: url(https:\/\/www.tem-italy.it\/wp-content\/uploads\/2021\/02\/bkg-home-contact.jpg)\"><\/div>\n              <\/noscript>\n            <\/div><\/div><div class=\"vce-asset-background-simple-container vce-visible-md-only vce-asset-background-simple--style-cover vce-asset-background-simple--position-center-top\"><div class=\"vce-asset-background-simple\">\n              <div class=\"vce-asset-background-simple-item vcv-lozad\" data-background-image=\"https:\/\/www.tem-italy.it\/wp-content\/uploads\/2021\/02\/bkg-home-contact.jpg\"><\/div>\n              <noscript>\n                <div class=\"vce-asset-background-simple-item\" style=\"background-image: url(https:\/\/www.tem-italy.it\/wp-content\/uploads\/2021\/02\/bkg-home-contact.jpg)\"><\/div>\n              <\/noscript>\n            <\/div><\/div><div class=\"vce-asset-background-simple-container vce-visible-sm-only vce-asset-background-simple--style-cover vce-asset-background-simple--position-center-top\"><div class=\"vce-asset-background-simple\">\n              <div class=\"vce-asset-background-simple-item vcv-lozad\" data-background-image=\"https:\/\/www.tem-italy.it\/wp-content\/uploads\/2021\/02\/bkg-home-contact.jpg\"><\/div>\n              <noscript>\n                <div class=\"vce-asset-background-simple-item\" style=\"background-image: url(https:\/\/www.tem-italy.it\/wp-content\/uploads\/2021\/02\/bkg-home-contact.jpg)\"><\/div>\n              <\/noscript>\n            <\/div><\/div><div class=\"vce-asset-background-simple-container vce-visible-xs-only vce-asset-background-simple--style-cover vce-asset-background-simple--position-center-top\"><div class=\"vce-asset-background-simple\">\n              <div class=\"vce-asset-background-simple-item vcv-lozad\" data-background-image=\"https:\/\/www.tem-italy.it\/wp-content\/uploads\/2021\/02\/bkg-home-contact.jpg\"><\/div>\n              <noscript>\n                <div class=\"vce-asset-background-simple-item\" style=\"background-image: url(https:\/\/www.tem-italy.it\/wp-content\/uploads\/2021\/02\/bkg-home-contact.jpg)\"><\/div>\n              <\/noscript>\n            <\/div><\/div><\/div><div class=\"vce-row-content\" data-vce-element-content=\"true\"><div class=\"vce-col vce-col--md-auto vce-col--xs-1 vce-col--xs-last vce-col--xs-first vce-col--sm-last vce-col--sm-first vce-col--md-last vce-col--lg-last vce-col--xl-last vce-col--md-first vce-col--lg-first vce-col--xl-first\" id=\"el-b07b68d2\"><div class=\"vce-col-inner\" data-vce-do-apply=\"border margin background  el-b07b68d2\"><div class=\"vce-col-content\" data-vce-element-content=\"true\" data-vce-do-apply=\"padding el-b07b68d2\"><div class=\"vcv-row-control-wrapper\"><\/div><\/div><\/div><\/div><\/div><\/div><\/div><div class=\"vce-row-container\" data-vce-boxed-width=\"true\"><div class=\"vce-row vce-row--col-gap-30 vce-row-equal-height vce-row-content--top\" id=\"el-01a5b03d\" data-vce-do-apply=\"all el-01a5b03d\"><div class=\"vce-content-background-container\"><\/div><div class=\"vce-row-content\" data-vce-element-content=\"true\"><div class=\"vce-col vce-col--md-auto vce-col--xs-1 vce-col--xs-last vce-col--xs-first vce-col--sm-last vce-col--sm-first vce-col--md-last vce-col--lg-last vce-col--xl-last vce-col--md-first vce-col--lg-first vce-col--xl-first\" id=\"el-807b62b0\"><div class=\"vce-col-inner\" data-vce-do-apply=\"border margin background  el-807b62b0\"><div class=\"vce-col-content\" data-vce-element-content=\"true\" data-vce-do-apply=\"padding el-807b62b0\"><div class=\"vce-text-block\"><div class=\"vce-text-block-wrapper vce\" id=\"el-d4993a10\" data-vce-do-apply=\"all el-d4993a10\"><h2><span style=\"color: #a91916;\"><strong>STL Link<\/strong><\/span><\/h2>Concepiti per il trasporto dei segnali audio e\/o video dallo studio di produzione ai siti di trasmissione, mantenendo un'elevata qualit\u00e0. Adatti a comunicazioni analogiche o digitali, <span style=\"color: #a91916;\"><strong>da 200MHz a 23GHz<\/strong><\/span>, per applicazioni da interno o da esterno.<\/div><\/div><\/div><\/div><\/div><\/div><\/div><\/div><div class=\"vce-row-container\"><div class=\"vce-row vce-row--col-gap-0 vce-row-equal-height vce-row-content--middle\" data-vce-full-width=\"true\" id=\"el-c2d9819f\" data-vce-do-apply=\"all el-c2d9819f\"><div class=\"vce-content-background-container\"><\/div><div class=\"vce-row-content\" data-vce-element-content=\"true\"><div class=\"vce-col vce-col--md-auto vce-col--xs-1 vce-col--xs-last vce-col--xs-first vce-col--sm-last vce-col--sm-first vce-col--md-first vce-col--lg-first vce-col--xl-first\" id=\"el-6c3ec1f1\"><div class=\"vce-col-inner\" data-vce-do-apply=\"border margin background  el-6c3ec1f1\"><div class=\"vce-content-background-container\"><\/div><div class=\"vce-col-content\" data-vce-element-content=\"true\" data-vce-do-apply=\"padding el-6c3ec1f1\"><div class=\"vce-single-image-container vce-single-image--align-center\"><div class=\"vce vce-single-image-wrapper\" id=\"el-580eff6c\" data-vce-do-apply=\"all el-580eff6c\" data-vce-animate=\"vce-o-animate--fadeIn-xl vce-o-animate--fadeIn-lg vce-o-animate--fadeIn-md vce-o-animate--fadeIn-sm vce-o-animate--fadeIn-xs\"><figure><div class=\"vce-single-image-figure-inner\" style=\"width: 1024px;\"><div class=\"vce-single-image-inner vce-single-image--absolute\" style=\"width: 100%; padding-bottom: 27.2461%;\"><img loading=\"lazy\" decoding=\"async\" class=\"vce-single-image\"  width=\"1024\" height=\"279\" srcset=\"https:\/\/www.tem-italy.it\/wp-content\/uploads\/2021\/08\/STL-1024x279.jpg 1024w, https:\/\/www.tem-italy.it\/wp-content\/uploads\/2021\/08\/STL-2048x559.jpg 2x, https:\/\/www.tem-italy.it\/wp-content\/uploads\/2026\/04\/STL-scaled-320x87.jpg 320w, https:\/\/www.tem-italy.it\/wp-content\/uploads\/2026\/04\/STL-scaled-480x131.jpg 480w\" src=\"https:\/\/www.tem-italy.it\/wp-content\/uploads\/2021\/08\/STL-1024x279.jpg\" data-img-src=\"https:\/\/www.tem-italy.it\/wp-content\/uploads\/2021\/08\/STL-scaled.jpg\" data-attachment-id=\"717\"  alt=\"\" title=\"STL\" \/><\/div><\/div><figcaption hidden=\"\"><\/figcaption><\/figure><\/div><\/div><\/div><\/div><\/div><div class=\"vce-col vce-col--md-auto vce-col--xs-1 vce-col--xs-last vce-col--xs-first vce-col--sm-last vce-col--sm-first vce-col--md-last vce-col--lg-last vce-col--xl-last\" id=\"el-eb18d7e0\"><div class=\"vce-col-inner\" data-vce-do-apply=\"border margin background  el-eb18d7e0\"><div class=\"vce-col-content\" data-vce-element-content=\"true\" data-vce-do-apply=\"padding el-eb18d7e0\"><div class=\"vce-row-container\" data-vce-boxed-width=\"true\"><div class=\"vce-row vce-row--has-col-background vce-element--has-background vce-row--col-gap-30 vce-row-equal-height vce-row-content--top\" id=\"el-bf7d147d\" data-vce-do-apply=\"all el-bf7d147d\"><div class=\"vce-content-background-container\"><\/div><div class=\"vce-row-content\" data-vce-element-content=\"true\"><div class=\"vce-col vce-col--md-auto vce-col--xs-1 vce-col--xs-last vce-col--xs-first vce-col--sm-last vce-col--sm-first vce-col--md-last vce-col--lg-last vce-col--xl-last vce-col--md-first vce-col--lg-first vce-col--xl-first\" id=\"el-4cb01fc2\"><div class=\"vce-col-inner\" data-vce-do-apply=\"border margin background  el-4cb01fc2\"><div class=\"vce-col-content\" data-vce-element-content=\"true\" data-vce-do-apply=\"padding el-4cb01fc2\"><div class=\"vce-icon-button-container vce-icon-button--align-left\" id=\"el-f2635038\" style=\"--iconColor: rgb(255, 255, 255); --iconHoverColor: rgb(255, 255, 255); --titleColor: rgb(237, 237, 237); --titleHoverColor: rgb(33, 33, 33);\"><a class=\"vce vce-button vce-icon-button\" href=\"https:\/\/www.tem-italy.it\/it\/stl-link\/stl-200%c3%b72400-mhz-new\/\" title=\"stl\" data-vce-do-apply=\"all el-f2635038\"><span class=\"vce-icon-button-icon-wrapper fas fa-chevron-right\"><\/span><span class=\"vce-icon-button-title\">STL 200\u00f72400 MHZ (NEW)<\/span><\/a><\/div><div class=\"vce-row-container\" data-vce-boxed-width=\"true\"><div class=\"vce-row vce-row--col-gap-30 vce-row-equal-height vce-row-content--top\" id=\"el-8f67fab8\" data-vce-do-apply=\"all el-8f67fab8\"><div class=\"vce-row-content\" data-vce-element-content=\"true\"><div class=\"vce-col vce-col--md-auto vce-col--xs-1 vce-col--xs-last vce-col--xs-first vce-col--sm-last vce-col--sm-first vce-col--md-last vce-col--lg-last vce-col--xl-last vce-col--md-first vce-col--lg-first vce-col--xl-first\" id=\"el-eb65a2aa\"><div class=\"vce-col-inner\" data-vce-do-apply=\"border margin background  el-eb65a2aa\"><div class=\"vce-col-content\" data-vce-element-content=\"true\" data-vce-do-apply=\"padding el-eb65a2aa\"><div class=\"vce-icon-button-container vce-icon-button--align-left\" id=\"el-b567e368\" style=\"--iconColor: rgb(255, 255, 255); --iconHoverColor: rgb(255, 255, 255); --titleColor: rgb(237, 237, 237); --titleHoverColor: rgb(33, 33, 33);\"><a class=\"vce vce-button vce-icon-button\" href=\"https:\/\/www.tem-italy.it\/it\/stl-link\/stl-200-2400-mhz\/\" title=\"\" data-vce-do-apply=\"all el-b567e368\"><span class=\"vce-icon-button-icon-wrapper fas fa-chevron-right\"><\/span><span class=\"vce-icon-button-title\">STL 200\u00f72400 MHZ<\/span><\/a><\/div><div class=\"vce-icon-button-container vce-icon-button--align-left\" id=\"el-507947c5\" style=\"--iconColor: rgb(255, 255, 255); --iconHoverColor: rgb(255, 255, 255); --titleColor: rgb(237, 237, 237); --titleHoverColor: rgb(33, 33, 33);\"><a class=\"vce vce-button vce-icon-button\" href=\"\/it\/stl-link\/link-ip\/\" title=\"\" data-vce-do-apply=\"all el-507947c5\"><span class=\"vce-icon-button-icon-wrapper fas fa-chevron-right\"><\/span><span class=\"vce-icon-button-title\">LINK IP<\/span><\/a><\/div><div class=\"vce-icon-button-container vce-icon-button--align-left\" id=\"el-09073f91\" style=\"--iconColor: rgb(255, 255, 255); --iconHoverColor: rgb(255, 255, 255); --titleColor: rgb(237, 237, 237); --titleHoverColor: rgb(33, 33, 33);\"><a class=\"vce vce-button vce-icon-button\" href=\"https:\/\/www.tem-italy.it\/it\/stl-link\/stl-multibooster\/\" title=\"\" data-vce-do-apply=\"all el-09073f91\"><span class=\"vce-icon-button-icon-wrapper fas fa-chevron-right\"><\/span><span class=\"vce-icon-button-title\">STL MULTIBOOSTER<\/span><\/a><\/div><\/div><\/div><\/div><\/div><\/div><\/div><\/div><\/div><\/div><\/div><\/div><\/div><\/div><\/div><\/div><\/div><\/div><\/div><div class=\"vce-row-container\" data-vce-boxed-width=\"true\"><div class=\"vce-row vce-row--col-gap-30 vce-row-equal-height vce-row-content--top\" id=\"el-cd2fed56\" data-vce-do-apply=\"all el-cd2fed56\"><div class=\"vce-row-content\" data-vce-element-content=\"true\"><div class=\"vce-col vce-col--md-auto vce-col--xs-1 vce-col--xs-last vce-col--xs-first vce-col--sm-last vce-col--sm-first vce-col--md-last vce-col--lg-last vce-col--xl-last vce-col--md-first vce-col--lg-first vce-col--xl-first\" id=\"el-88f342f2\"><div class=\"vce-col-inner\" data-vce-do-apply=\"border margin background  el-88f342f2\"><div class=\"vce-col-content\" data-vce-element-content=\"true\" data-vce-do-apply=\"padding el-88f342f2\"><div class=\"vce vce-separator-container vce-separator--align-center vce-separator--style-solid\" id=\"el-a5a37d04\" data-vce-do-apply=\"margin el-a5a37d04\"><div class=\"vce-separator vce-separator--color-bfc0c1 vce-separator--width-100 vce-separator--thickness-1\" data-vce-do-apply=\"border padding background  el-a5a37d04\"><\/div><\/div><\/div><\/div><\/div><\/div><\/div><\/div>","protected":false},"excerpt":{"rendered":"<p>STL LinkConcepiti per il trasporto dei segnali audio e\/o video dallo studio di produzione ai siti di trasmissione, mantenendo un&#8217;elevata qualit\u00e0. Adatti a comunicazioni analogiche o digitali, da 200MHz a 23GHz, per applicazioni da interno o da esterno.STL 200\u00f72400 MHZ (NEW)STL 200\u00f72400 MHZLINK IPSTL MULTIBOOSTER<\/p>\n","protected":false},"author":1,"featured_media":0,"parent":0,"menu_order":0,"comment_status":"closed","ping_status":"closed","template":"","meta":{"footnotes":""},"class_list":["post-715","page","type-page","status-publish","hentry"],"yoast_head":"<!-- This site is optimized with the Yoast SEO plugin v27.4 - https:\/\/yoast.com\/product\/yoast-seo-wordpress\/ -->\n<title>STL Link - Tem Italy<\/title>\n<meta name=\"robots\" content=\"index, follow, max-snippet:-1, max-image-preview:large, max-video-preview:-1\" \/>\n<link rel=\"canonical\" href=\"https:\/\/www.tem-italy.it\/it\/stl-link\/\" \/>\n<meta property=\"og:locale\" content=\"it_IT\" \/>\n<meta property=\"og:type\" content=\"article\" \/>\n<meta property=\"og:title\" content=\"STL Link - Tem Italy\" \/>\n<meta property=\"og:description\" content=\"STL LinkConcepiti per il trasporto dei segnali audio e\/o video dallo studio di produzione ai siti di trasmissione, mantenendo un&#039;elevata qualit\u00e0. Adatti a comunicazioni analogiche o digitali, da 200MHz a 23GHz, per applicazioni da interno o da esterno.STL 200\u00f72400 MHZ (NEW)STL 200\u00f72400 MHZLINK IPSTL MULTIBOOSTER\" \/>\n<meta property=\"og:url\" content=\"https:\/\/www.tem-italy.it\/it\/stl-link\/\" \/>\n<meta property=\"og:site_name\" content=\"Tem Italy\" \/>\n<meta property=\"article:modified_time\" content=\"2026-04-27T10:26:46+00:00\" \/>\n<meta name=\"twitter:card\" content=\"summary_large_image\" \/>\n<script type=\"application\/ld+json\" class=\"yoast-schema-graph\">{\"@context\":\"https:\\\/\\\/schema.org\",\"@graph\":[{\"@type\":\"WebPage\",\"@id\":\"https:\\\/\\\/www.tem-italy.it\\\/it\\\/stl-link\\\/\",\"url\":\"https:\\\/\\\/www.tem-italy.it\\\/it\\\/stl-link\\\/\",\"name\":\"STL Link - Tem Italy\",\"isPartOf\":{\"@id\":\"https:\\\/\\\/www.tem-italy.it\\\/en\\\/#website\"},\"datePublished\":\"2021-08-02T08:31:19+00:00\",\"dateModified\":\"2026-04-27T10:26:46+00:00\",\"breadcrumb\":{\"@id\":\"https:\\\/\\\/www.tem-italy.it\\\/it\\\/stl-link\\\/#breadcrumb\"},\"inLanguage\":\"it-IT\",\"potentialAction\":[{\"@type\":\"ReadAction\",\"target\":[\"https:\\\/\\\/www.tem-italy.it\\\/it\\\/stl-link\\\/\"]}]},{\"@type\":\"BreadcrumbList\",\"@id\":\"https:\\\/\\\/www.tem-italy.it\\\/it\\\/stl-link\\\/#breadcrumb\",\"itemListElement\":[{\"@type\":\"ListItem\",\"position\":1,\"name\":\"Home\",\"item\":\"https:\\\/\\\/www.tem-italy.it\\\/it\\\/\"},{\"@type\":\"ListItem\",\"position\":2,\"name\":\"STL Link\"}]},{\"@type\":\"WebSite\",\"@id\":\"https:\\\/\\\/www.tem-italy.it\\\/en\\\/#website\",\"url\":\"https:\\\/\\\/www.tem-italy.it\\\/en\\\/\",\"name\":\"Tem Italy\",\"description\":\"FM Transmitter | Broadcasting Device Equipment\",\"potentialAction\":[{\"@type\":\"SearchAction\",\"target\":{\"@type\":\"EntryPoint\",\"urlTemplate\":\"https:\\\/\\\/www.tem-italy.it\\\/en\\\/?s={search_term_string}\"},\"query-input\":{\"@type\":\"PropertyValueSpecification\",\"valueRequired\":true,\"valueName\":\"search_term_string\"}}],\"inLanguage\":\"it-IT\"}]}<\/script>\n<!-- \/ Yoast SEO plugin. -->","yoast_head_json":{"title":"STL Link - Tem Italy","robots":{"index":"index","follow":"follow","max-snippet":"max-snippet:-1","max-image-preview":"max-image-preview:large","max-video-preview":"max-video-preview:-1"},"canonical":"https:\/\/www.tem-italy.it\/it\/stl-link\/","og_locale":"it_IT","og_type":"article","og_title":"STL Link - Tem Italy","og_description":"STL LinkConcepiti per il trasporto dei segnali audio e\/o video dallo studio di produzione ai siti di trasmissione, mantenendo un'elevata qualit\u00e0. Adatti a comunicazioni analogiche o digitali, da 200MHz a 23GHz, per applicazioni da interno o da esterno.STL 200\u00f72400 MHZ (NEW)STL 200\u00f72400 MHZLINK IPSTL MULTIBOOSTER","og_url":"https:\/\/www.tem-italy.it\/it\/stl-link\/","og_site_name":"Tem Italy","article_modified_time":"2026-04-27T10:26:46+00:00","twitter_card":"summary_large_image","schema":{"@context":"https:\/\/schema.org","@graph":[{"@type":"WebPage","@id":"https:\/\/www.tem-italy.it\/it\/stl-link\/","url":"https:\/\/www.tem-italy.it\/it\/stl-link\/","name":"STL Link - Tem Italy","isPartOf":{"@id":"https:\/\/www.tem-italy.it\/en\/#website"},"datePublished":"2021-08-02T08:31:19+00:00","dateModified":"2026-04-27T10:26:46+00:00","breadcrumb":{"@id":"https:\/\/www.tem-italy.it\/it\/stl-link\/#breadcrumb"},"inLanguage":"it-IT","potentialAction":[{"@type":"ReadAction","target":["https:\/\/www.tem-italy.it\/it\/stl-link\/"]}]},{"@type":"BreadcrumbList","@id":"https:\/\/www.tem-italy.it\/it\/stl-link\/#breadcrumb","itemListElement":[{"@type":"ListItem","position":1,"name":"Home","item":"https:\/\/www.tem-italy.it\/it\/"},{"@type":"ListItem","position":2,"name":"STL Link"}]},{"@type":"WebSite","@id":"https:\/\/www.tem-italy.it\/en\/#website","url":"https:\/\/www.tem-italy.it\/en\/","name":"Tem Italy","description":"FM Transmitter | Broadcasting Device Equipment","potentialAction":[{"@type":"SearchAction","target":{"@type":"EntryPoint","urlTemplate":"https:\/\/www.tem-italy.it\/en\/?s={search_term_string}"},"query-input":{"@type":"PropertyValueSpecification","valueRequired":true,"valueName":"search_term_string"}}],"inLanguage":"it-IT"}]}},"_links":{"self":[{"href":"https:\/\/www.tem-italy.it\/it\/wp-json\/wp\/v2\/pages\/715","targetHints":{"allow":["GET"]}}],"collection":[{"href":"https:\/\/www.tem-italy.it\/it\/wp-json\/wp\/v2\/pages"}],"about":[{"href":"https:\/\/www.tem-italy.it\/it\/wp-json\/wp\/v2\/types\/page"}],"author":[{"embeddable":true,"href":"https:\/\/www.tem-italy.it\/it\/wp-json\/wp\/v2\/users\/1"}],"replies":[{"embeddable":true,"href":"https:\/\/www.tem-italy.it\/it\/wp-json\/wp\/v2\/comments?post=715"}],"version-history":[{"count":5,"href":"https:\/\/www.tem-italy.it\/it\/wp-json\/wp\/v2\/pages\/715\/revisions"}],"predecessor-version":[{"id":5183,"href":"https:\/\/www.tem-italy.it\/it\/wp-json\/wp\/v2\/pages\/715\/revisions\/5183"}],"wp:attachment":[{"href":"https:\/\/www.tem-italy.it\/it\/wp-json\/wp\/v2\/media?parent=715"}],"curies":[{"name":"wp","href":"https:\/\/api.w.org\/{rel}","templated":true}]}}